{"id":1914,"date":"2026-04-02T16:22:33","date_gmt":"2026-04-02T16:22:33","guid":{"rendered":"https:\/\/petra-drachenberg.de\/mystaging\/?page_id=1914"},"modified":"2026-04-02T16:22:44","modified_gmt":"2026-04-02T16:22:44","slug":"agbs-shop","status":"publish","type":"page","link":"https:\/\/petra-drachenberg.de\/mystaging\/agbs-shop\/","title":{"rendered":"AGBs Shop"},"content":{"rendered":"\n\t<section class=\"section\" id=\"section_1937937472\">\n\t\t<div class=\"section-bg fill\" >\n\t\t\t\t\t\t\t\t\t\n\t\t\t\n\n\t\t<\/div>\n\n\t\t\n\n\t\t<div class=\"section-content relative\">\n\t\t\t\n<div class=\"row\"  id=\"row-2008847779\">\n\n\t<div id=\"col-1585411225\" class=\"col small-12 large-12\"  >\n\t\t\t\t<div class=\"col-inner\"  >\n\t\t\t\n\t\t\t\n\t<div id=\"gap-583365812\" class=\"gap-element clearfix\" style=\"display:block; height:auto;\">\n\t\t\n<style>\n#gap-583365812 {\n  padding-top: 30px;\n}\n<\/style>\n\t<\/div>\n\t\n<h2 style=\"text-align: center;\"><span style=\"color: #808080;\">AGBs Shop<\/span><\/h2>\n\t\t<\/div>\n\t\t\t\t\t<\/div>\n\n\t\n<\/div>\n\t\t<\/div>\n\n\t\t\n<style>\n#section_1937937472 {\n  padding-top: 30px;\n  padding-bottom: 30px;\n  background-color: rgb(242, 255, 229);\n}\n<\/style>\n\t<\/section>\n\t\n\n\t<section class=\"section\" id=\"section_1181911872\">\n\t\t<div class=\"section-bg fill\" >\n\t\t\t\t\t\t\t\t\t\n\t\t\t\n\n\t\t<\/div>\n\n\t\t\n\n\t\t<div class=\"section-content relative\">\n\t\t\t\n<div class=\"row align-center\"  id=\"row-169968769\">\n\n\t<div id=\"col-1538419819\" class=\"col medium-11 small-12 large-11\"  >\n\t\t\t\t<div class=\"col-inner\"  >\n\t\t\t\n\t\t\t\n<p>Praxis f\u00fcr Kunst- und Traumatherapie<br \/>Inhaberin: Martina-Petra Drachenberg<br \/>Neu-Langerwisch 10\/10<br \/>14552 Michendorf<br \/>Telefonnummer: 01757219844<br \/>E-Mailadresse: info@innere-landschaften.de<br \/>Umsatzsteuer-Identifikationsnummer: <strong>DE426061247<\/strong>.<\/p>\n<p>Plattform der Europ\u00e4ischen Kommission zur Online-Streitbeilegung (OS) f\u00fcr Verbraucher: https:\/\/ec.europa.eu\/consumers\/odr\/.<br \/>Wir sind nicht bereit und nicht verpflichtet an einem Streitbeilegungsverfahren vor einer Verbraucherschlichtungsstelle teilzunehmen.<\/p>\n<p><strong>Allgemeine Gesch\u00e4ftsbedingungen<\/strong><\/p>\n<p>1. Geltungsbereich<br \/>2. Angebote und Leistungsbeschreibungen<br \/>3. Bestellvorgang und Vertragsabschluss<br \/>4. Preise und Versandkosten<br \/>5. Lieferung, Warenverf\u00fcgbarkeit<br \/>6. Zahlungsmodalit\u00e4ten<br \/>7. Haftung<br \/>8. Speicherung des Vertragstextes<br \/>9. Schlussbestimmungen<\/p>\n<p><strong>1. Geltungsbereich<\/strong><br \/>1.1. F\u00fcr die Gesch\u00e4ftsbeziehung zwischen<br \/>Praxis f\u00fcr Kunst- und Traumatherapie<br \/>Martina-Petra Drachenberg<br \/>Neu-Langerwisch 10\/10<br \/>14552 Michendorf<br \/>Telefonnummer: 01757219844<br \/>(nachfolgend \u201eVerk\u00e4ufer\u201c) und dem Kunden (nachfolgend \u201eKunde\u201c) gelten ausschlie\u00dflich die nachfolgenden Allgemeinen Gesch\u00e4ftsbedingungen in ihrer zum Zeitpunkt der Bestellung g\u00fcltigen Fassung.<br \/>1.2. Verbraucher im Sinne dieser AGB ist jede nat\u00fcrliche Person, die ein Rechtsgesch\u00e4ft zu einem Zwecke abschlie\u00dft, der \u00fcberwiegend weder ihrer gewerblichen noch ihrer selbstst\u00e4ndigen beruflichen T\u00e4tigkeit zugerechnet werden kann. Unternehmer ist eine nat\u00fcrliche oder juristische Person oder eine rechtsf\u00e4hige Personengesellschaft, die bei Abschluss eines Rechtsgesch\u00e4fts in Aus\u00fcbung ihrer gewerblichen oder selbst\u00e4ndigen beruflichen T\u00e4tigkeit handelt.<br \/><strong>2. Angebote und Leistungsbeschreibungen<\/strong><br \/>Die Darstellung der Produkte im Online-Shop stellt kein rechtlich bindendes Angebot, sondern eine Aufforderung zur Abgabe einer Bestellung dar. Leistungsbeschreibungen in Katalogen sowie auf den Websites des Verk\u00e4ufers haben nicht den Charakter einer Zusicherung oder Garantie.<br \/><strong>3. Bestellvorgang und Vertragsabschluss<\/strong><br \/>3.1. Der Kunde kann aus dem Sortiment des Verk\u00e4ufers Produkte unverbindlich ausw\u00e4hlen und diese \u00fcber die Schaltfl\u00e4che \u201ein den Warenkorb\u201c in einem so genannten Warenkorb sammeln. Innerhalb des Warenkorbes kann die Produktauswahl ver\u00e4ndert, z.B. gel\u00f6scht werden. Anschlie\u00dfend kann der Kunde innerhalb des Warenkorbs \u00fcber die Schaltfl\u00e4che \u201eWeiter zur Kasse\u201c zum Abschluss des Bestellvorgangs schreiten.<br \/>3.2. \u00dcber die Schaltfl\u00e4che \u201ezahlungspflichtig bestellen\u201c gibt der Kunde einen verbindlichen Antrag zum Kauf der im Warenkorb befindlichen Waren ab. Vor Abschicken der Bestellung kann der Kunde die Daten jederzeit \u00e4ndern und einsehen sowie mithilfe der Browserfunktion \u201ezur\u00fcck\u201c zum Warenkorb zur\u00fcckgehen oder den Bestellvorgang insgesamt abbrechen. Notwendige Angaben sind mit einem Sternchen (*) gekennzeichnet.<br \/>3.3. Der Verk\u00e4ufer schickt daraufhin dem Kunden eine automatische Empfangsbest\u00e4tigung per E-Mail zu, in welcher die Bestellung des Kunden nochmals aufgef\u00fchrt wird und die der Kunde \u00fcber die Funktion \u201eDrucken\u201c ausdrucken kann (Bestellbest\u00e4tigung). Die automatische Empfangsbest\u00e4tigung dokumentiert lediglich, dass die Bestellung des Kunden beim Verk\u00e4ufer eingegangen ist und stellt keine Annahme des Antrags dar. Der Kaufvertrag kommt durch den Abschluss des Zahlungsvorgangs zustande.<br \/><strong>4. Preise und Versandkosten<\/strong><br \/>Alle Preise, die auf der Website des Verk\u00e4ufers angegeben sind, verstehen sich einschlie\u00dflich der jeweils g\u00fcltigen gesetzlichen Umsatzsteuer.<br \/><strong>5. Lieferung, Warenverf\u00fcgbarkeit<\/strong><br \/>Nach Zahlungseingang erh\u00e4lt der Kunde das digitale Produkt per E-Mail als Link.<br \/><strong>6. Zahlungsmodalit\u00e4ten<\/strong><br \/>6.1. Der Kunde kann im Rahmen und vor Abschluss des Bestellvorgangs aus den zur Verf\u00fcgung stehenden Zahlungsarten w\u00e4hlen. Kunden werden \u00fcber die zur Verf\u00fcgung stehenden Zahlungsmittel auf einer gesonderten Informationsseite unterrichtet.<br \/>6.2. Werden Drittanbieter mit der Zahlungsabwicklung beauftragt, z.B. Paypal. gelten deren Allgemeine Gesch\u00e4ftsbedingungen.<br \/><strong>7. Haftung<\/strong><br \/>7.1. F\u00fcr eine Haftung des Verk\u00e4ufers auf Schadensersatz gelten unbeschadet der sonstigen gesetzlichen Anspruchsvoraussetzungen folgende Haftungsausschl\u00fcsse und -begrenzungen.<br \/>7.2. Der Verk\u00e4ufer haftet unbeschr\u00e4nkt, soweit die Schadensursache auf Vorsatz oder grober Fahrl\u00e4ssigkeit beruht.<br \/>7.3. Ferner haftet der Verk\u00e4ufer f\u00fcr die leicht fahrl\u00e4ssige Verletzung von wesentlichen Pflichten, deren Verletzung die Erreichung des Vertragszwecks gef\u00e4hrdet, oder f\u00fcr die Verletzung von Pflichten, deren Erf\u00fcllung die ordnungsgem\u00e4\u00dfe Durchf\u00fchrung des Vertrages \u00fcberhaupt erst erm\u00f6glicht und auf deren Einhaltung der Kunde regelm\u00e4\u00dfig vertraut. In diesem Fall haftet der Verk\u00e4ufer jedoch nur f\u00fcr den vorhersehbaren, vertragstypischen Schaden. Der Verk\u00e4ufer haftet nicht f\u00fcr die leicht fahrl\u00e4ssige Verletzung anderer als der in den vorstehenden S\u00e4tzen genannten Pflichten.<br \/>7.4. Soweit die Haftung des Verk\u00e4ufers ausgeschlossen oder beschr\u00e4nkt ist, gilt dies auch f\u00fcr die pers\u00f6nliche Haftung von Arbeitnehmern, Vertretern und Erf\u00fcllungsgehilfen.<br \/><strong>8. Speicherung des Vertragstextes<\/strong><br \/>8.1. Der Verk\u00e4ufer sendet dem Kunden au\u00dferdem eine Bestellbest\u00e4tigung mit allen Bestelldaten an die von Ihm angegebene E-Mail-Adresse zu. Mit der Bestellbest\u00e4tigung, erh\u00e4lt der Kunde ferner eine Kopie der AGB nebst Widerrufsbelehrung und den Hinweisen zu Versandkosten sowie Liefer- und Zahlungsbedingungen.<br \/><strong>9. Schlussbestimmungen<\/strong><br \/>9.1. Vertragssprache ist deutsch.<br \/>9.2. Plattform der Europ\u00e4ischen Kommission zur Online-Streitbeilegung (OS) f\u00fcr Verbraucher: http:\/\/ec.europa.eu\/consumers\/odr\/. Wir sind nicht bereit und nicht verpflichtet an einem Streitbeilegungsverfahren vor einer Verbraucherschlichtungsstelle teilzunehmen.<\/p>\n<p><strong>Widerruf f\u00fcr digitale Inhalte<\/strong><\/p>\n<p><strong>Widerrufsbelehrung<\/strong><br \/>Verbraucher ist jede nat\u00fcrliche Person, die ein Rechtsgesch\u00e4ft zu Zwecken abschlie\u00dft, die \u00fcberwiegend weder ihrer gewerblichen noch ihrer selbst\u00e4ndigen beruflichen T\u00e4tigkeit zugerechnet werden k\u00f6nnen.<br \/>Widerrufsrecht<br \/>Sie haben das Recht, binnen vierzehn Tagen ohne Angabe von Gr\u00fcnden diesen Vertrag zu widerrufen. Die Widerrufsfrist betr\u00e4gt vierzehn Tage ab dem Tag des Vertragsschlusses. Um Ihr Widerrufsrecht auszu\u00fcben, m\u00fcssen Sie<br \/>Martina-Petra Drachenberg<br \/>Praxis f\u00fcr Kunsttherapie<br \/>B\u00fcro Neu-Langerwisch 10\/10<br \/>14552 Michendorf<br \/>Tel. 033205\/ 54631<br \/>Mail: info@innere-landschaften.de<br \/>mittels einer eindeutigen Erkl\u00e4rung (z.B. ein mit der Post versandter Brief, oder eine E-Mail) \u00fcber Ihren Entschluss, diesen Vertrag zu widerrufen, informieren. Zur Wahrung der Widerrufsfrist reicht es aus, dass Sie die Mitteilung \u00fcber die Aus\u00fcbung des Widerrufsrechts vor Ablauf der Widerrufsfrist absenden.<\/p>\n<p><strong>Folgen des Widerrufs<\/strong><br \/>Wenn Sie diesen Vertrag widerrufen, haben wir Ihnen alle Zahlungen, die wir von Ihnen erhalten haben unverz\u00fcglich und sp\u00e4testens binnen vierzehn Tagen ab dem Tag zur\u00fcckzuzahlen, an dem die Mitteilung \u00fcber Ihren Widerruf dieses Vertrags bei uns eingegangen ist. F\u00fcr diese R\u00fcckzahlung verwenden wir dasselbe Zahlungsmittel, das Sie bei der urspr\u00fcnglichen Transaktion eingesetzt haben, es sei denn, mit Ihnen wurde ausdr\u00fccklich etwas anderes vereinbart; in keinem Fall werden Ihnen wegen dieser R\u00fcckzahlung Entgelte berechnet.<\/p>\n<p><strong>Verzicht auf Widerrufsrecht f\u00fcr digitale Inhalte<\/strong><br \/>Du hast ausdr\u00fccklich zugestimmt, dass wir mit der Ausf\u00fchrung des Vertrages vor Ablauf der Widerrufsfrist beginnen. Du hast durch deine Zustimmung ebenfalls erkl\u00e4rt, dass du Kenntnis davon hast, dass du durch deine Zustimmung mit Beginn der Ausf\u00fchrung des Vertrages dein Widerrufsrecht verlierst.<\/p>\n<p><strong>Allgemeine Kundeninformationen<\/strong><\/p>\n<p><strong>Versand &amp; Lieferung<\/strong><\/p>\n<p><strong>Preise, Versandkosten und Lieferinformationen<\/strong><br \/>Die auf den Produktseiten genannten Preise enthalten die gesetzliche Mehrwertsteuer und sonstige Preisbestandteile.<\/p>\n<p><strong>Zahlungsweise<\/strong><\/p>\n<p><strong>Zahlungsarten<\/strong><br \/>Wir bieten Ihnen folgende Zahlungsarten an. Suchen Sie sich einfach die f\u00fcr Sie optimale Zahlart aus. Die in den jeweiligen Angeboten angef\u00fchrten Preise stellen Endpreise dar. Sie beinhalten alle Preisbestandteile einschlie\u00dflich etwaig anfallender Steuern wie Mehrwertsteuer.<br \/>Kreditkarte<br \/>Zahlen Sie ganz einfach per Kreditkarte.<br \/>PayPal<br \/>Noch schneller und sicherer bezahlen mit ihrem PayPal-Konto.<br \/>Vorkasse<br \/>Bitte \u00fcberweisen Sie den Gesamtbetrag Ihrer Bestellung auf unser Konto:<br \/>Kontoinhaberin: Martina-Petra Drachenberg<br \/>Kontonummer: 16884298<br \/>BLZ: 120 300 00<br \/>Kreditinstitut: Deutsche Kreditbank AG<br \/>SWIFT: BYLADEM1001<br \/>IBAN: DE 94 120 3000 000 16 88 42 98<\/p>\n\t\t<\/div>\n\t\t\t\t\t<\/div>\n\n\t\n<\/div>\n\t\t<\/div>\n\n\t\t\n<style>\n#section_1181911872 {\n  padding-top: 30px;\n  padding-bottom: 30px;\n}\n<\/style>\n\t<\/section>\n\t\n","protected":false},"excerpt":{"rendered":"","protected":false},"author":4,"featured_media":345,"parent":0,"menu_order":0,"comment_status":"closed","ping_status":"closed","template":"page-blank.php","meta":{"footnotes":""},"class_list":["post-1914","page","type-page","status-publish","has-post-thumbnail","hentry"],"_links":{"self":[{"href":"https:\/\/petra-drachenberg.de\/mystaging\/wp-json\/wp\/v2\/pages\/1914","targetHints":{"allow":["GET"]}}],"collection":[{"href":"https:\/\/petra-drachenberg.de\/mystaging\/wp-json\/wp\/v2\/pages"}],"about":[{"href":"https:\/\/petra-drachenberg.de\/mystaging\/wp-json\/wp\/v2\/types\/page"}],"author":[{"embeddable":true,"href":"https:\/\/petra-drachenberg.de\/mystaging\/wp-json\/wp\/v2\/users\/4"}],"replies":[{"embeddable":true,"href":"https:\/\/petra-drachenberg.de\/mystaging\/wp-json\/wp\/v2\/comments?post=1914"}],"version-history":[{"count":2,"href":"https:\/\/petra-drachenberg.de\/mystaging\/wp-json\/wp\/v2\/pages\/1914\/revisions"}],"predecessor-version":[{"id":1916,"href":"https:\/\/petra-drachenberg.de\/mystaging\/wp-json\/wp\/v2\/pages\/1914\/revisions\/1916"}],"wp:featuredmedia":[{"embeddable":true,"href":"https:\/\/petra-drachenberg.de\/mystaging\/wp-json\/wp\/v2\/media\/345"}],"wp:attachment":[{"href":"https:\/\/petra-drachenberg.de\/mystaging\/wp-json\/wp\/v2\/media?parent=1914"}],"curies":[{"name":"wp","href":"https:\/\/api.w.org\/{rel}","templated":true}]}}