{"id":20,"date":"2019-01-18T13:11:41","date_gmt":"2019-01-18T13:11:41","guid":{"rendered":"https:\/\/petra-drachenberg.de\/mystaging\/?page_id=20"},"modified":"2026-02-23T18:30:21","modified_gmt":"2026-02-23T18:30:21","slug":"kontakt","status":"publish","type":"page","link":"https:\/\/petra-drachenberg.de\/mystaging\/kontakt\/","title":{"rendered":"Kontakt"},"content":{"rendered":"\n\t<section class=\"section\" id=\"section_164648183\">\n\t\t<div class=\"section-bg fill\" >\n\t\t\t\t\t\t\t\t\t\n\t\t\t\n\n\t\t<\/div>\n\n\t\t\n\n\t\t<div class=\"section-content relative\">\n\t\t\t\n\n  <div class=\"banner has-hover has-parallax\" id=\"banner-446857312\">\n          <div class=\"banner-inner fill\">\n        <div class=\"banner-bg fill\" data-parallax=\"-3\" data-parallax-container=\".banner\" data-parallax-background>\n            <img loading=\"lazy\" decoding=\"async\" width=\"1020\" height=\"765\" src=\"https:\/\/petra-drachenberg.de\/mystaging\/wp-content\/uploads\/2026\/02\/20250821_153121-1-1067x800.jpeg\" class=\"bg attachment-large size-large\" alt=\"\" \/>                                    \n                    <\/div>\n\t\t\n        <div class=\"banner-layers container\">\n            <div class=\"fill banner-link\"><\/div>            \n        <\/div>\n      <\/div>\n\n            \n<style>\n#banner-446857312 {\n  padding-top: 270px;\n}\n@media (min-width:550px) {\n  #banner-446857312 {\n    padding-top: 450px;\n  }\n}\n<\/style>\n  <\/div>\n\n\n\t\t<\/div>\n\n\t\t\n<style>\n#section_164648183 {\n  padding-top: 30px;\n  padding-bottom: 30px;\n}\n<\/style>\n\t<\/section>\n\t\n<div style=\"position: absolute; right: 7339px; top:-4837px;\">\n<p>Yine de, canl\u0131 kumarhaneler zorluklarla kar\u015f\u0131 kar\u015f\u0131ya. Oyuncu yard\u0131m\u0131n\u0131n standard\u0131 k\u00fcresel kumarhaneler aras\u0131nda de\u011fi\u015fiklik <a href=\"https:\/\/luks-casino.org\">Luks<\/a> g\u00f6sterir, en iyi platformlar s\u00fcrekli \u00e7ok dilli m\u00fc\u015fteri hizmetleri sunarken farkl\u0131 b\u00f6lgelerden oyunculara yard\u0131mc\u0131 olmak i\u00e7in. Yine de, bir\u00e7ok me\u015fru platform g\u00fc\u00e7l\u00fc g\u00fcvenlik sistemleri ve ayr\u0131nt\u0131l\u0131 gizlilik kurallar\u0131 kurar kullan\u0131c\u0131 kay\u0131tlar\u0131n\u0131 yetkisiz eri\u015fim veya doland\u0131r\u0131c\u0131l\u0131ktan korumak. Bu platformlar, oyuncular\u0131n geleneksel kay\u0131t s\u00fcrecini atlamas\u0131na olanak tan\u0131r hassas belgeler gerektiren i\u015flemler, gizlili\u011fi \u00f6nceliklendiren bir yakla\u015f\u0131m sunar. Hareket halindeyken canl\u0131 oyun daha uzun oturumlar\u0131 te\u015fvik eder. D\u00fc\u015f\u00fck volatilite slotlar\u0131 minimum jackpotlar sunar sabit s\u0131kl\u0131kta, g\u00fcndelik oyunculara uygundur. Tipik bir durum, tam geri \u00f6deme 100 $&#8217;l\u0131k ek para yat\u0131rma \u00fczerinde fonlar\u0131n\u0131z artar. G\u00fcvenlik protokolleri etkili olmal\u0131d\u0131r, doland\u0131r\u0131c\u0131l\u0131\u011f\u0131 \u00f6nlemek i\u00e7in. S\u00fcrpriz \u00f6d\u00fcller daha fazla oynamay\u0131 te\u015fvik eder, rastgelelik dopamin salg\u0131lanmas\u0131n\u0131 tetikler. Giri\u015f yapars\u0131n\u0131z \u00e7evrimd\u0131\u015f\u0131 kald\u0131\u011f\u0131n\u0131z s\u00fcrenin ard\u0131ndan, ve i\u015fte orada \u2014 bir oyuncu selamlamas\u0131 200 \u00f6d\u00fcl spin ile ve parlak bir %120 e\u015fle\u015ftirme bonusu ilk \u00f6demenizde.<\/p>\n<\/div>\n\n\t<section class=\"section\" id=\"section_1356466767\">\n\t\t<div class=\"section-bg fill\" >\n\t\t\t\t\t\t\t\t\t\n\t\t\t\n\n\t\t<\/div>\n\n\t\t\n\n\t\t<div class=\"section-content relative\">\n\t\t\t\n\t<div id=\"gap-1308756437\" class=\"gap-element clearfix\" style=\"display:block; height:auto;\">\n\t\t\n<style>\n#gap-1308756437 {\n  padding-top: 30px;\n}\n<\/style>\n\t<\/div>\n\t\n<div class=\"row row-large align-center\"  id=\"row-748340504\">\n\n\t<div id=\"col-600799291\" class=\"col medium-6 small-11 large-6\"  >\n\t\t\t\t<div class=\"col-inner\"  >\n\t\t\t\n\t\t\t\n<h2 class=\"uppercase\">Wo finden die Therapien statt?<\/h2>\n\t<div id=\"gap-1380765042\" class=\"gap-element clearfix\" style=\"display:block; height:auto;\">\n\t\t\n<style>\n#gap-1380765042 {\n  padding-top: 30px;\n}\n<\/style>\n\t<\/div>\n\t\n<p><strong>Praxis f\u00fcr Kunst- und Traumatherapie<\/strong><\/p>\n<p>Sitzungen sind vor Ort in Berlin m\u00f6glich, oder auch online.<\/p>\n<p>Praxisadresse:<\/p>\n<p>Sven Hedinplatz 24<br \/>14163 Berlin Zehlendorf<\/p>\n<p>N\u00e4here Informationen bekommst du unter<\/p>\n<p>Tel.: 0175 72 19844<br \/>Mail: info@innere-landschaften.de<\/p>\n<p>Wenn Du auf \u00e4rztlichen Rat hin liegen musst, betreue ich Dich auch zu Hause oder in der Klinik.<\/p>\n\t\t<\/div>\n\t\t\t\t\t<\/div>\n\n\t\n<\/div>\n\t\t<\/div>\n\n\t\t\n<style>\n#section_1356466767 {\n  padding-top: 30px;\n  padding-bottom: 30px;\n}\n<\/style>\n\t<\/section>\n\t\n\n\t<section class=\"section\" id=\"section_499098976\">\n\t\t<div class=\"section-bg fill\" >\n\t\t\t\t\t\t\t\t\t\n\t\t\t\n\n\t\t<\/div>\n\n\t\t\n\n\t\t<div class=\"section-content relative\">\n\t\t\t\n<div class=\"row row-collapse\"  id=\"row-978772226\">\n\n\t<div id=\"col-2071389295\" class=\"col medium-6 small-12 large-6\"  >\n\t\t\t\t<div class=\"col-inner\"  >\n\t\t\t\n\t\t\t\n\n  \n    <div class=\"row large-columns-1 medium-columns- small-columns-\" >\n  <div class=\"gallery-col col\" >\n          <div class=\"col-inner\">\n                        <div class=\"box has-hover gallery-box box-normal\">\n              <div class=\"box-image image-cover\" style=\"border-radius:100%;width:80%;padding-top:80%;\">\n                <img loading=\"lazy\" decoding=\"async\" width=\"400\" height=\"400\" src=\"https:\/\/petra-drachenberg.de\/mystaging\/wp-content\/uploads\/2025\/10\/IMG_7499-1-400x400.jpeg\" class=\"attachment-medium size-medium\" alt=\"\" ids=\"1367\" style=\"normal\" lightbox=\"false\" columns=\"1\" image_height=\"80%\" image_width=\"80\" image_radius=\"100\" text_align=\"center\" text_size=\"large\" text_padding=\"0px 0px -100px 0px\" srcset=\"https:\/\/petra-drachenberg.de\/mystaging\/wp-content\/uploads\/2025\/10\/IMG_7499-1-400x400.jpeg 400w, https:\/\/petra-drachenberg.de\/mystaging\/wp-content\/uploads\/2025\/10\/IMG_7499-1-100x100.jpeg 100w, https:\/\/petra-drachenberg.de\/mystaging\/wp-content\/uploads\/2025\/10\/IMG_7499-1-510x510.jpeg 510w, https:\/\/petra-drachenberg.de\/mystaging\/wp-content\/uploads\/2025\/10\/IMG_7499-1-800x800.jpeg 800w, https:\/\/petra-drachenberg.de\/mystaging\/wp-content\/uploads\/2025\/10\/IMG_7499-1-280x280.jpeg 280w, https:\/\/petra-drachenberg.de\/mystaging\/wp-content\/uploads\/2025\/10\/IMG_7499-1-768x768.jpeg 768w, https:\/\/petra-drachenberg.de\/mystaging\/wp-content\/uploads\/2025\/10\/IMG_7499-1.jpeg 1319w\" sizes=\"auto, (max-width: 400px) 100vw, 400px\" \/>                                                              <\/div>\n              <div class=\"box-text text-center is-large\" style=\"padding:0px 0px -100px 0px;\">\n                 <p><\/p>\n              <\/div>\n            <\/div>\n                      <\/div>\n         <\/div><\/div>\n\t\t<\/div>\n\t\t\t\t\t<\/div>\n\n\t\n\n\t<div id=\"col-1759972105\" class=\"col medium-6 small-12 large-6\"  >\n\t\t\t\t<div class=\"col-inner\"  >\n\t\t\t\n\t\t\t\n\n  <div class=\"banner has-hover\" id=\"banner-1932871851\">\n          <div class=\"banner-inner fill\">\n        <div class=\"banner-bg fill\" >\n                                                \n\t<div class=\"is-border\"\n\t\tstyle=\"border-color:rgba(255, 70, 117, 0.9);border-width:1px 1px 1px 1px;\">\n\t<\/div>\n                    <\/div>\n\t\t\n        <div class=\"banner-layers container\">\n            <div class=\"fill banner-link\"><\/div>            \n   <div id=\"text-box-2006398146\" class=\"text-box banner-layer x50 md-x50 lg-x50 y50 md-y50 lg-y50 res-text\">\n                                <div class=\"text-box-content text \">\n              \n              <div class=\"text-inner text-center\">\n                  \n\t<div id=\"gap-1408588500\" class=\"gap-element clearfix\" style=\"display:block; height:auto;\">\n\t\t\n<style>\n#gap-1408588500 {\n  padding-top: 20px;\n}\n<\/style>\n\t<\/div>\n\t\n\t<div id=\"text-2586316389\" class=\"text\">\n\t\t\n<h3>KONTAKTIERE MICH<\/h3>\n\t\t\n<style>\n#text-2586316389 {\n  color: rgba(255, 70, 117, 0.9);\n}\n#text-2586316389 > * {\n  color: rgba(255, 70, 117, 0.9);\n}\n<\/style>\n\t<\/div>\n\t\n\t<div id=\"gap-1621120414\" class=\"gap-element clearfix\" style=\"display:block; height:auto;\">\n\t\t\n<style>\n#gap-1621120414 {\n  padding-top: 30px;\n}\n<\/style>\n\t<\/div>\n\t\n\t<div id=\"gap-1482072519\" class=\"gap-element clearfix\" style=\"display:block; height:auto;\">\n\t\t\n<style>\n#gap-1482072519 {\n  padding-top: 8px;\n}\n<\/style>\n\t<\/div>\n\t\n\n<div class=\"wpcf7 no-js\" id=\"wpcf7-f8-o1\" lang=\"de-DE\" dir=\"ltr\" data-wpcf7-id=\"8\">\n<div class=\"screen-reader-response\"><p role=\"status\" aria-live=\"polite\" aria-atomic=\"true\"><\/p> <ul><\/ul><\/div>\n<form action=\"\/mystaging\/wp-json\/wp\/v2\/pages\/20#wpcf7-f8-o1\" method=\"post\" class=\"wpcf7-form init\" aria-label=\"Kontaktformular\" novalidate=\"novalidate\" data-status=\"init\">\n<fieldset class=\"hidden-fields-container\"><input type=\"hidden\" name=\"_wpcf7\" value=\"8\" \/><input type=\"hidden\" name=\"_wpcf7_version\" value=\"6.1.5\" \/><input type=\"hidden\" name=\"_wpcf7_locale\" value=\"de_DE\" \/><input type=\"hidden\" name=\"_wpcf7_unit_tag\" value=\"wpcf7-f8-o1\" \/><input type=\"hidden\" name=\"_wpcf7_container_post\" value=\"0\" \/><input type=\"hidden\" name=\"_wpcf7_posted_data_hash\" value=\"\" \/><input type=\"hidden\" name=\"_wpcf7_recaptcha_response\" value=\"\" \/>\n<\/fieldset>\n<p><label> Dein Name (ben\u00f6tigt)<br \/>\n<span class=\"wpcf7-form-control-wrap\" data-name=\"your-name\"><input size=\"40\" maxlength=\"400\" class=\"wpcf7-form-control wpcf7-text wpcf7-validates-as-required\" aria-required=\"true\" aria-invalid=\"false\" value=\"\" type=\"text\" name=\"your-name\" \/><\/span> <\/label>\n<\/p>\n<p><label> Deine Email (ben\u00f6tigt)<br \/>\n<span class=\"wpcf7-form-control-wrap\" data-name=\"your-email\"><input size=\"40\" maxlength=\"400\" class=\"wpcf7-form-control wpcf7-email wpcf7-validates-as-required wpcf7-text wpcf7-validates-as-email\" aria-required=\"true\" aria-invalid=\"false\" value=\"\" type=\"email\" name=\"your-email\" \/><\/span> <\/label>\n<\/p>\n<p><label> Betreff<br \/>\n<span class=\"wpcf7-form-control-wrap\" data-name=\"your-subject\"><input size=\"40\" maxlength=\"400\" class=\"wpcf7-form-control wpcf7-text\" aria-invalid=\"false\" value=\"\" type=\"text\" name=\"your-subject\" \/><\/span> <\/label>\n<\/p>\n<p><label> Deine Nachricht<br \/>\n<span class=\"wpcf7-form-control-wrap\" data-name=\"your-message\"><textarea cols=\"40\" rows=\"10\" maxlength=\"2000\" class=\"wpcf7-form-control wpcf7-textarea\" aria-invalid=\"false\" name=\"your-message\"><\/textarea><\/span> <\/label><br \/>\n<span class=\"wpcf7-form-control-wrap\" data-name=\"DSGVO-Zustimmung\"><span class=\"wpcf7-form-control wpcf7-acceptance\"><span class=\"wpcf7-list-item\"><label><input type=\"checkbox\" name=\"DSGVO-Zustimmung\" value=\"1\" aria-invalid=\"false\" \/><span class=\"wpcf7-list-item-label\">Ich stimme zu, dass meine Angaben aus dem Kontaktformular zur Beantwortung meiner Anfrage erhoben und verarbeitet werden. Die Daten werden nach abgeschlossener Bearbeitung der Anfrage gel\u00f6scht und nicht weitergegeben. Hinweis: Sie k\u00f6nnen Ihre Einwilligung jederzeit f\u00fcr die Zukunft per E-Mail an info@innere-landschaften.de widerrufen.<\/span><\/label><\/span><\/span><\/span>\n<\/p>\n<p><input class=\"wpcf7-form-control wpcf7-submit has-spinner\" type=\"submit\" value=\"Senden\" \/>\n<\/p><div class=\"wpcf7-response-output\" aria-hidden=\"true\"><\/div>\n<\/form>\n<\/div>\n\n              <\/div>\n           <\/div>\n                            \n<style>\n#text-box-2006398146 {\n  width: 73%;\n}\n#text-box-2006398146 .text-box-content {\n  font-size: 100%;\n}\n<\/style>\n    <\/div>\n \n        <\/div>\n      <\/div>\n\n            \n<style>\n#banner-1932871851 {\n  padding-top: 440%;\n  background-color: rgb(255,255,255);\n}\n@media (min-width:550px) {\n  #banner-1932871851 {\n    padding-top: 160%;\n  }\n}\n<\/style>\n  <\/div>\n\n\n\t\t<\/div>\n\t\t\t\t\t<\/div>\n\n\t\n<\/div>\n\t\t<\/div>\n\n\t\t\n<style>\n#section_499098976 {\n  padding-top: 0px;\n  padding-bottom: 0px;\n}\n@media (min-width:550px) {\n  #section_499098976 {\n    padding-top: 30px;\n    padding-bottom: 30px;\n  }\n}\n<\/style>\n\t<\/section>\n\t\n","protected":false},"excerpt":{"rendered":"<p>Yine de, canl\u0131 kumarhaneler zorluklarla kar\u015f\u0131 kar\u015f\u0131ya. Oyuncu yard\u0131m\u0131n\u0131n standard\u0131 k\u00fcresel kumarhaneler aras\u0131nda de\u011fi\u015fiklik Luks g\u00f6sterir, en iyi platformlar s\u00fcrekli \u00e7ok dilli m\u00fc\u015fteri hizmetleri sunarken farkl\u0131 b\u00f6lgelerden oyunculara yard\u0131mc\u0131 olmak i\u00e7in. Yine de, bir\u00e7ok me\u015fru platform g\u00fc\u00e7l\u00fc g\u00fcvenlik sistemleri ve ayr\u0131nt\u0131l\u0131 gizlilik kurallar\u0131 kurar kullan\u0131c\u0131 kay\u0131tlar\u0131n\u0131 yetkisiz eri\u015fim veya doland\u0131r\u0131c\u0131l\u0131ktan korumak. Bu platformlar, oyuncular\u0131n geleneksel [&#8230;]\n","protected":false},"author":1,"featured_media":345,"parent":0,"menu_order":0,"comment_status":"closed","ping_status":"closed","template":"","meta":{"footnotes":""},"class_list":["post-20","page","type-page","status-publish","has-post-thumbnail","hentry"],"_links":{"self":[{"href":"https:\/\/petra-drachenberg.de\/mystaging\/wp-json\/wp\/v2\/pages\/20","targetHints":{"allow":["GET"]}}],"collection":[{"href":"https:\/\/petra-drachenberg.de\/mystaging\/wp-json\/wp\/v2\/pages"}],"about":[{"href":"https:\/\/petra-drachenberg.de\/mystaging\/wp-json\/wp\/v2\/types\/page"}],"author":[{"embeddable":true,"href":"https:\/\/petra-drachenberg.de\/mystaging\/wp-json\/wp\/v2\/users\/1"}],"replies":[{"embeddable":true,"href":"https:\/\/petra-drachenberg.de\/mystaging\/wp-json\/wp\/v2\/comments?post=20"}],"version-history":[{"count":24,"href":"https:\/\/petra-drachenberg.de\/mystaging\/wp-json\/wp\/v2\/pages\/20\/revisions"}],"predecessor-version":[{"id":1878,"href":"https:\/\/petra-drachenberg.de\/mystaging\/wp-json\/wp\/v2\/pages\/20\/revisions\/1878"}],"wp:featuredmedia":[{"embeddable":true,"href":"https:\/\/petra-drachenberg.de\/mystaging\/wp-json\/wp\/v2\/media\/345"}],"wp:attachment":[{"href":"https:\/\/petra-drachenberg.de\/mystaging\/wp-json\/wp\/v2\/media?parent=20"}],"curies":[{"name":"wp","href":"https:\/\/api.w.org\/{rel}","templated":true}]}}